{"id":2789,"date":"2015-04-26T19:57:07","date_gmt":"2015-04-27T00:57:07","guid":{"rendered":"https:\/\/jilotzingo.net\/parroquia-de-san-marcos-evangelista\/san-marcos-quien-es\/"},"modified":"2015-04-26T19:57:07","modified_gmt":"2015-04-27T00:57:07","slug":"san-marcos-quien-es","status":"publish","type":"page","link":"https:\/\/jilotzingo.net\/?page_id=2789","title":{"rendered":"San Marcos \u00bfQui\u00e9n es?"},"content":{"rendered":"<p><a href=\\\\\\\"http:\/\/jilotzingo.net\/site\/wp-content\/uploads\/2015\/04\/sanmarcosevangelista2.jpg\\\\\\\"><img class=\\\\\\\" size-full wp-image-110 aligncenter\\\\\\\" src=\\\\\\\"http:\/\/jilotzingo.net\/site\/wp-content\/uploads\/2015\/04\/sanmarcosevangelista2.jpg\\\\\\\" alt=\\\\\\\"sanmarcosevangelista2\\\\\\\" width=\\\\\\\"601\\\\\\\" height=\\\\\\\"645\\\\\\\" \/><\/a><\/p>\n<p><strong>Evangelista, M\u00e1rtir<\/strong><\/p>\n<ul>\n<li><strong>Nombre:<\/strong> Juan Marcos<\/li>\n<li><strong>Nacimiento:<\/strong> Siglo I\u00a0Cirene, Pent\u00e1polis norteafricana, de acuerdo a la tradici\u00f3n copta.<\/li>\n<li><strong>Fallecimiento:<\/strong> 25\u201426 de abril de 68\u00a0Alejandr\u00eda<\/li>\n<li><strong>Venerado en:<\/strong> Iglesia ortodoxa copta,\u00a0Iglesia ortodoxa,\u00a0Iglesia cat\u00f3lica,\u00a0Iglesias cat\u00f3licas orientales,\u00a0Iglesia anglicana,\u00a0Luteranismo.<\/li>\n<li><strong>Festividad:<\/strong> 25 de abril<\/li>\n<li><strong>Atributos:<\/strong> Le\u00f3n en el desierto; obispo en un trono decorado con leones; hombre ayudando a navegantes venecianos; hombre sosteniendo un libro con \\\\\\&#8221;Pax tibi, Marce (Evangelista meus)\\\\\\&#8221; escrito en \u00e9l; hombre sosteniendo una palma y un libro; hombre con un libro o pergamino acompa\u00f1ado por un le\u00f3n alado; hombre con un cabestro alrededor de su cuello; hombre escribiendo o sosteniendo su evangelio; rescatando a esclavos cristianos de los sarracenos<\/li>\n<li><strong>Patronazgo:<\/strong> Arica, Mainar, Egipto, Venecia, San Marcos (Nicaragua), San Marcos (Guatemala), Ciudad de San Marcos, San Marcos (San Marcos) Hinojares, Mancha Real, b\u00e1rristers y otros.<\/li>\n<\/ul>\n<p>&nbsp;<\/p>\n<p><a href=\\\\\\\"http:\/\/jilotzingo.net\/site\/wp-content\/uploads\/2015\/04\/sanmarcosevangelista3.jpg\\\\\\\"><img class=\\\\\\\" size-full wp-image-115 aligncenter\\\\\\\" src=\\\\\\\"http:\/\/jilotzingo.net\/site\/wp-content\/uploads\/2015\/04\/sanmarcosevangelista3.jpg\\\\\\\" alt=\\\\\\\"sanmarcosevangelista3\\\\\\\" width=\\\\\\\"695\\\\\\\" height=\\\\\\\"301\\\\\\\" \/><\/a><\/p>\n<p>&nbsp;<\/p>\n<p><b>San Marcos Evangelista<\/b> (en griego: \u039c\u03ac\u03c1\u03ba\u03bf\u03c2; en lat\u00edn: <i>M\u0101rcus<\/i>; en copto: \u039c\u03b1\u03c1\u03ba\u03bf\u03f2; en hebreo: \u05de\u05e8\u05e7\u05d5\u05e1) (siglo I) es considerado tradicionalmente el autor del Evangelio de Marcos y el fundador y primer obispo de la Iglesia de Alejandr\u00eda.<\/p>\n<h2><span id=\\\\\\\"San_Marcos_en_el_Nuevo_Testamento_y_en_otras_fuentes\\\\\\\" class=\\\\\\\"mw-headline\\\\\\\">San Marcos en el Nuevo Testamento y en otras fuentes<\/span><\/h2>\n<p>Suele identific\u00e1rsele con <b>Juan, llamado Marcos<\/b>. Este personaje aparece varias veces en los Hechos de los Ap\u00f3stoles. Se le cita por primera vez en Hechos 12:12, cuando Sim\u00f3n Pedro, milagrosamente liberado de la c\u00e1rcel, se refugia en casa de Mar\u00eda, madre de \\\\\\&#8221;Juan, por sobrenombre Marcos\\\\\\&#8221;. Acompa\u00f1\u00f3 a Pablo de Tarso y a\u00a0Bernab\u00e9 en el primer viaje de Pablo (<i>Hechos<\/i> 13:5), pero se separ\u00f3 de ellos cuando llegaron a Panfilia, regresando a Jerusal\u00e9n (<i>Hechos<\/i> 13:13 en estos vers\u00edculos se hace referencia a \u00e9l simplemente como \\\\\\&#8221;Juan\\\\\\&#8221;). Cuando Pablo iba a iniciar su segundo viaje, tuvo una grave disputa con Bernab\u00e9 a prop\u00f3sito de \\\\\\&#8221;Juan, llamado Marcos\\\\\\&#8221;: Bernab\u00e9 quer\u00eda que fuese con ellos, pero Pablo se negaba, ya que les hab\u00eda abandonado en el viaje anterior. Pablo y Bernab\u00e9 terminaron por separarse, y Marcos acompa\u00f1\u00f3 al segundo en su viaje a Chipre (<i>Hechos<\/i> 15:37-39).<\/p>\n<p>No est\u00e1 claro si este personaje, \\\\\\&#8221;Juan, llamado Marcos\\\\\\&#8221; es el mismo al que se hace referencia en algunas ep\u00edstolas atribuidas a Pablo, concretamente en <i>2 Timoteo\u00a0<\/i>4:11, <i>Colosenses<\/i> 4:10, <i>Filemon<\/i> 1:24 y en la Primera Ep\u00edstola de Pedro (<i>1 Pedro<\/i> 5:13). En Colosenses se dice de \u00e9l que es primo, o sobrino, de Bernab\u00e9, lo que podr\u00eda explicar que \u00e9ste disputase con Pablo acerca de Marcos.<\/p>\n<p>En el final de la Primera Ep\u00edstola de Pedro, \u00e9ste se refiere a \\\\\\&#8221;mi hijo Marcos\\\\\\&#8221;. Mientras que las iglesias copta, cat\u00f3lica y ortodoxa aseguran que se trata de un hijo espiritual (es decir, que Marcos hubiese sido bautizado por Pedro) o que simplemente Pedro le ten\u00eda mucho cari\u00f1o, varios te\u00f3logos protestantes no tienen inconveniente en interpretar que podr\u00eda tratarse de un hijo biol\u00f3gico.<\/p>\n<p>Seg\u00fan el Evangelio que se le atribuye, cuando Jes\u00fas fue apresado en el Huerto de los Olivos, le segu\u00eda un joven envuelto en una s\u00e1bana, habiendo especulado algunos con la posibilidad de que este joven fuera el mismo Juan Marcos.<\/p>\n<p>La tradici\u00f3n dice que Marcos evangeliz\u00f3 como Obispo de Alejandr\u00eda, en Egipto, donde realiz\u00f3 varios milagros y estableci\u00f3 una iglesia y su famosa escuela cristiana, nombrando un obispo, tres presb\u00edteros y siete di\u00e1conos y muri\u00f3 all\u00e1 como m\u00e1rtir en el a\u00f1o 68, un 25 de abril.<\/p>\n<p>Seg\u00fan la tradici\u00f3n, la Iglesia Copta de Etiop\u00eda tiene su origen en las pr\u00e9dicas de San Marcos, autor del Segundo Evangelio en el siglo I, que llev\u00f3 el cristianismo a Egipto en la \u00e9poca del emperador Ner\u00f3n.<\/p>\n<p>Los Hechos de San Marcos, un escrito de mitad del siglo IV, refieren que San Marcos fue arrastrado por las calles de Alejandr\u00eda, atado con cuerdas al cuello. Despu\u00e9s lo llevaron a la c\u00e1rcel y al d\u00eda siguiente le volvieron a aplicar el mismo martirio hasta que falleci\u00f3. Luego echaron su cuerpo a las llamas, pero los fieles lograron sacarlo y evitar su destrucci\u00f3n.<\/p>\n<h2><span id=\\\\\\\"Atribuci.C3.B3n_del_Evangelio_de_Marcos\\\\\\\" class=\\\\\\\"mw-headline\\\\\\\">Atribuci\u00f3n del Evangelio de Marcos<\/span><\/h2>\n<p>Marcos es considerado por la tradici\u00f3n cristiana el autor del evangelio que lleva su nombre. Puesto que \u00e9l no fue disc\u00edpulo directo de Jes\u00fas, por lo que bas\u00f3 su relato -siempre seg\u00fan la tradici\u00f3n- en las ense\u00f1anzas de Pedro. El autor m\u00e1s antiguo que asign\u00f3 a Marcos la autor\u00eda de este evangelio fue Pap\u00edas de Hier\u00e1polis, en la primera mitad del siglo II, en un testimonio citado por Eusebio de Cesarea.<\/p>\n<p><i>\u00aby el anciano dec\u00eda lo siguiente: Marcos, que fue int\u00e9rprete de Pedro, escribi\u00f3 con exactitud todo lo que recordaba, pero no en orden de lo que el Se\u00f1or dijo e hizo. Porque \u00e9l no oy\u00f3 ni sigui\u00f3 personalmente al Se\u00f1or, sino, como dije, despu\u00e9s a Pedro. \u00c9ste llevaba a cabo sus ense\u00f1anzas de acuerdo con las necesidades, pero no como quien va ordenando las palabras del Se\u00f1or, m\u00e1s de modo que Marcos no se equivoc\u00f3 en absoluto cuando escrib\u00eda ciertas cosas como las ten\u00eda en su memoria. Porque todo su empe\u00f1o lo puso en no olvidar nada de lo que escuch\u00f3 y en no escribir nada falso\u00bb<\/i>. (Eusebio, Hist. Ecl. iii. 39).<\/p>\n<p>Desde el siglo II se dio por sentado que Marcos era el autor de este evangelio. Aunque es imposible tener ning\u00fan tipo de certeza a este respecto, se ha aducido convincentemente que no hay ninguna raz\u00f3n por la cual los primitivos cristianos tuvieran que adjudicar la autor\u00eda de este evangelio a un personaje oscuro que no fue disc\u00edpulo directo de Jes\u00fas, en lugar de atribu\u00edrsela a uno de los ap\u00f3stoles.<\/p>\n<h2><span id=\\\\\\\"Reliquias\\\\\\\" class=\\\\\\\"mw-headline\\\\\\\">Reliquias<\/span><\/h2>\n<div class=\\\\\\\"thumb tright\\\\\\\"><\/div>\n<p>En el 828, las reliquias atribuidas a San Marcos fueron llevadas de Alejandr\u00eda por navegantes italianos, que las trasladaron a Venecia, donde se conservan en la Bas\u00edlica de San Marcos, construida expresamente para albergar sus restos. Los coptos creen que la cabeza del santo qued\u00f3 en Alejandr\u00eda. Cada a\u00f1o, en el d\u00eda 30 del mes de Babah, laIglesia Copta conmemora la consagraci\u00f3n de la iglesia de San Marcos, y la aparici\u00f3n de la cabeza del santo en la iglesia copta de San Marcos, en Alejandr\u00eda, donde se conservar\u00eda su cabeza.<\/p>\n<p><a href=\\\\\\\"http:\/\/jilotzingo.net\/site\/wp-content\/uploads\/2015\/04\/sanmarcosevangelista_reliquias.jpg\\\\\\\"><img class=\\\\\\\"aligncenter size-full wp-image-116\\\\\\\" src=\\\\\\\"http:\/\/jilotzingo.net\/site\/wp-content\/uploads\/2015\/04\/sanmarcosevangelista_reliquias.jpg\\\\\\\" alt=\\\\\\\"sanmarcosevangelista_reliquias\\\\\\\" width=\\\\\\\"500\\\\\\\" height=\\\\\\\"375\\\\\\\" \/><\/a><\/p>\n<p>&nbsp;<\/p>\n<h2><span id=\\\\\\\"Iconograf.C3.ADa\\\\\\\" class=\\\\\\\"mw-headline\\\\\\\">Iconograf\u00eda<\/span><\/h2>\n<div class=\\\\\\\"thumb tright\\\\\\\"><\/div>\n<p>Se asocia a San Marcos con el le\u00f3n porque su Evangelio empieza hablando del desierto, y el le\u00f3n era considerado el rey del desierto y porque su Evangelio empieza hablando del r\u00edo Jord\u00e1n y a sus alrededores hab\u00eda muchas fieras, entre ellas el le\u00f3n. Tambi\u00e9n se dice que es el le\u00f3n porque en su Evangelio comienza hablando de Juan el Bautista como <i>\\\\\\&#8221;Voz que clama en el desierto\\\\\\&#8221;<\/i>, voz que ser\u00eda como la de un le\u00f3n.<\/p>\n<p>La Iglesia cat\u00f3lica celebra su fiesta el 25 de abril.<\/p>\n<p><a href=\\\\\\\"http:\/\/jilotzingo.net\/site\/wp-content\/uploads\/2015\/04\/sanmarcosevangelista_leon.jpg\\\\\\\"><img class=\\\\\\\"aligncenter size-full wp-image-117\\\\\\\" src=\\\\\\\"http:\/\/jilotzingo.net\/site\/wp-content\/uploads\/2015\/04\/sanmarcosevangelista_leon.jpg\\\\\\\" alt=\\\\\\\"sanmarcosevangelista_leon\\\\\\\" width=\\\\\\\"800\\\\\\\" height=\\\\\\\"533\\\\\\\" \/><\/a><\/p>\n<p>&nbsp;<\/p>\n<p>&nbsp;<\/p>\n<h2><span id=\\\\\\\"Patronazgos\\\\\\\" class=\\\\\\\"mw-headline\\\\\\\">Patronazgos<\/span><\/h2>\n<h3><span id=\\\\\\\"Venecia\\\\\\\" class=\\\\\\\"mw-headline\\\\\\\">Venecia<\/span><\/h3>\n<div class=\\\\\\\"thumb tright\\\\\\\"><\/div>\n<p>San Marcos es el patrono de Venecia desde el a\u00f1o 828, sustituyendo a San Teodoro. La historia cuenta que dos mercaderes, Buono Tribuno da Malomocco y Rustico da Torcello robaron sus reliquias de su tumba de Alejandr\u00eda en Egipto y las escondieron en una carga de carne de cerdo para que los guardias musulmanes no lo descubrieran. Cuando llegaron a Venecia, lo donaron al Dux. Giustiniano Partecipazio que las colocar\u00eda en el castillo. Inmediatamente se comenz\u00f3 a construir un santuario siguiendo el modelo de la bas\u00edlica de los Doce Ap\u00f3stoles de Constantinopla, la cual fue consagrada en el a\u00f1o 832. Un siglo m\u00e1s tarde fue destruida el a\u00f1o 976 por un incendio durante la insurrecci\u00f3n del Dux Candiano IV. La antigua iglesia de san Teodoro presentaba una topolog\u00eda de planta de cruz griega inscrita en el espacio central. Este tipo de planta estuvo difundida en Oriente durante el siglo VII como las iglesias de la Dormici\u00f3n de Nicea, San Nicola di Mira, la iglesia de la Virgen de Haks y diversos ejemplos en Armenia. Los restos de la antigua iglesia parece ser que se vieron englobados en la nueva San Marcos construida entre 1063 y 1094.<\/p>\n<h3><span id=\\\\\\\"Nicaragua\\\\\\\" class=\\\\\\\"mw-headline\\\\\\\">Nicaragua<\/span><\/h3>\n<div class=\\\\\\\"thumb tright\\\\\\\"><\/div>\n<p>La verdadera historia de c\u00f3mo lleg\u00f3 este santo a este pueblo nadie la sabe en realidad. Algunos \u201chistoriadores\u201d lo atribuyen al padre espa\u00f1ol de apellido Osorio, que lleg\u00f3 al pueblo a comienzos del siglo 19, tuvo la premonici\u00f3n de que iba a ocurrir un sismo de proporciones gigantescas, por lo cual se arrodill\u00f3 en el lugar en donde ahora se encuentra la iglesia exclamando: <i>\u00a1San Marcos, s\u00e1lvanos!<\/i> y en virtud de no haber ocurrido el terremoto, el pueblo fue dedicado al Evangelista. La leyenda narra que a comienzos del siglo 19, una tarde, unos lugare\u00f1os que araban la tierra bajaron a traer agua a las pilas de Sapasmapa y se encontraron una imagen, que llevaron al cura del pueblo, el padre Casiano Campos, quien declar\u00f3 que era San Marcos Evangelista. De esta forma, la primera iglesia se construy\u00f3, dedicada a San Marcos, a comienzos del siglo 19 por el padre Eduardo Urtecho.<\/p>\n<p>Las fiestas patronales en honor a San Marcos se celebran el 24 y 25 de abril, en estas fiestas locales se acostumbran los bailes folcl\u00f3ricos como: El Gueguense, El Toro Huaco, Las Inditas y La vaquita. En estas fiestas es costumbre repartir a los fieles devotos comidas t\u00edpicas como el picadillo y la chicha de ma\u00edz.<\/p>\n<p>El d\u00eda 24, la v\u00edspera de la fiesta del santo, se realiza el famoso \u00abTope de los Santos\u00bb, en donde la imagen de San Marcos se re\u00fane con la Virgen de Montserrat, patrona de La Concepci\u00f3n; San Sebasti\u00e1n, patrono de Diriamba, y Santiago, patrono de Jinotepe. San Marcos se dirige a las pilas de Sapasmapa, lugar de a\u00f1ejos enfrentamientos con los habitantes de La Concepci\u00f3n en donde se \u201ctopa\u201d con la Virgen de Montserrat, luego se dirige al moj\u00f3n carretera San Marcos-Jinotepe en donde se encuentra con Santiago y San Sebasti\u00e1n. Luego los cuatro se dirigen al pueblo en donde entran con pompa y circunstancia a la iglesia.<\/p>\n<p>&nbsp;<\/p>\n<hr \/>\n<p>&nbsp;<\/p>\n","protected":false},"excerpt":{"rendered":"<p>Evangelista, M\u00e1rtir Nombre: Juan Marcos Nacimiento: Siglo I\u00a0Cirene, Pent\u00e1polis norteafricana, de acuerdo a la tradici\u00f3n copta. Fallecimiento: 25\u201426 de abril de 68\u00a0Alejandr\u00eda Venerado en: Iglesia ortodoxa copta,\u00a0Iglesia ortodoxa,\u00a0Iglesia cat\u00f3lica,\u00a0Iglesias cat\u00f3licas orientales,\u00a0Iglesia anglicana,\u00a0Luteranismo. Festividad: 25 de abril Atributos: Le\u00f3n en el desierto; obispo en un trono decorado con leones; hombre ayudando a navegantes venecianos; hombre sosteniendo [&hellip;]<\/p>\n","protected":false},"author":1,"featured_media":110,"parent":2788,"menu_order":0,"comment_status":"open","ping_status":"closed","template":"","meta":{"_uag_custom_page_level_css":"","ngg_post_thumbnail":0,"footnotes":""},"class_list":["post-2789","page","type-page","status-publish","has-post-thumbnail","hentry"],"aioseo_notices":[],"uagb_featured_image_src":{"full":false,"thumbnail":false,"medium":false,"medium_large":false,"large":false,"1536x1536":false,"2048x2048":false},"uagb_author_info":{"display_name":"Jilotzingo.Net","author_link":"https:\/\/jilotzingo.net\/?author=1"},"uagb_comment_info":0,"uagb_excerpt":"Evangelista, M\u00e1rtir Nombre: Juan Marcos Nacimiento: Siglo I\u00a0Cirene, Pent\u00e1polis norteafricana, de acuerdo a la tradici\u00f3n copta. Fallecimiento: 25\u201426 de abril de 68\u00a0Alejandr\u00eda Venerado en: Iglesia ortodoxa copta,\u00a0Iglesia ortodoxa,\u00a0Iglesia cat\u00f3lica,\u00a0Iglesias cat\u00f3licas orientales,\u00a0Iglesia anglicana,\u00a0Luteranismo. Festividad: 25 de abril Atributos: Le\u00f3n en el desierto; obispo en un trono decorado con leones; hombre ayudando a navegantes venecianos; hombre sosteniendo&hellip;","jetpack_sharing_enabled":true,"jetpack_likes_enabled":true,"_links":{"self":[{"href":"https:\/\/jilotzingo.net\/index.php?rest_route=\/wp\/v2\/pages\/2789"}],"collection":[{"href":"https:\/\/jilotzingo.net\/index.php?rest_route=\/wp\/v2\/pages"}],"about":[{"href":"https:\/\/jilotzingo.net\/index.php?rest_route=\/wp\/v2\/types\/page"}],"author":[{"embeddable":true,"href":"https:\/\/jilotzingo.net\/index.php?rest_route=\/wp\/v2\/users\/1"}],"replies":[{"embeddable":true,"href":"https:\/\/jilotzingo.net\/index.php?rest_route=%2Fwp%2Fv2%2Fcomments&post=2789"}],"version-history":[{"count":0,"href":"https:\/\/jilotzingo.net\/index.php?rest_route=\/wp\/v2\/pages\/2789\/revisions"}],"up":[{"embeddable":true,"href":"https:\/\/jilotzingo.net\/index.php?rest_route=\/wp\/v2\/pages\/2788"}],"wp:featuredmedia":[{"embeddable":true,"href":"https:\/\/jilotzingo.net\/index.php?rest_route=\/"}],"wp:attachment":[{"href":"https:\/\/jilotzingo.net\/index.php?rest_route=%2Fwp%2Fv2%2Fmedia&parent=2789"}],"curies":[{"name":"wp","href":"https:\/\/api.w.org\/{rel}","templated":true}]}}