{"id":2788,"date":"2015-04-26T18:39:54","date_gmt":"2015-04-26T23:39:54","guid":{"rendered":"https:\/\/jilotzingo.net\/parroquia-de-san-marcos-evangelista\/"},"modified":"2015-04-26T18:39:54","modified_gmt":"2015-04-26T23:39:54","slug":"parroquia-de-san-marcos-evangelista","status":"publish","type":"page","link":"https:\/\/jilotzingo.net\/?page_id=2788","title":{"rendered":"La Parroquia"},"content":{"rendered":"<p><strong>Historia de la Parroquia<\/strong><\/p>\n<p><a href=\\\\\\\"http:\/\/jilotzingo.net\/site\/wp-content\/uploads\/2015\/04\/sanmarcosevangelista1.jpg\\\\\\\"><img class=\\\\\\\"aligncenter size-full wp-image-105\\\\\\\" src=\\\\\\\"http:\/\/jilotzingo.net\/site\/wp-content\/uploads\/2015\/04\/sanmarcosevangelista1.jpg\\\\\\\" alt=\\\\\\\"sanmarcosevangelista1\\\\\\\" width=\\\\\\\"800\\\\\\\" height=\\\\\\\"500\\\\\\\" \/><\/a><\/p>\n<p style=\\\\\\\"text-align: center;\\\\\\\">San Marcos Evangelista patrono de Jilotzingo<\/p>\n<p><b>Atenci\u00f3n<\/b><strong>\u00a0espiritual antes de ser parroquia.<\/strong><\/p>\n<p>Entre los a\u00f1os 1567-1569 el cura de Hueypoxtla (que en aquella \u00e9poca era cabecera de la jurisdicci\u00f3n de Tetepango) visita la comunidad de Jilotzingo, la cual recibe la asistencia sacramental en el idioma otom\u00ed. Aquella asistencia consist\u00eda en ense\u00f1anzas de la doctrina y la aplicaci\u00f3n de los santos sacramentos\\\\\\&#8221;,<\/p>\n<p>En a\u00f1o de 1777 la comunidad de Jilotzingo se encuentra citada en el rendiconto (informe en idioma italiano) del curato de Hueypoxtla.<\/p>\n<p>El 13 de Julio de 1870 se realiza la visita de Don Luis M. (Vicario\u00a0for\u00e1neo de Pachuca), el cual viene bajo las indicaciones de la Arquidi\u00f3cesis de M\u00e9xico. El\u00a0Sr. Cura Pbro. Don Jos\u00e9 Mar\u00eda Guerrero (p\u00e1rroco de Hueypoxtla), se encuentra acompa\u00f1ado por los Pbros. Pablo Guti\u00e9rrez y Antonio Ma. Arroyo; quienes entregan noticias sobre la cabecera (inventario), los pueblos y haciendas (capillas ornamentadas para la celebraci\u00f3n de los sacramentos). Ubica a Jilotzingo al sureste a distancia de una legua (es una antigua unidad de longitud que expresa la distancia que una persona, a pie, o en cabalgadura, pueden andar durante una hora).<br \/>\n.<br \/>\nEl 8 de Octubre de 1870, la contestaci\u00f3n e invitaci\u00f3n a no abandonar el apostolado en los pueblos.\u00a0El 5 de Marzo de 1900, se realiza una petici\u00f3n a beneficio de la vida espiritual de los fieles que habitan los pueblos: se solicita permiso para realizar misiones, ampliar las capillas con casa.\u00a0Quien solicita es el Sr. Cura Pbro. F\u00e9lix Guti\u00e9rrez. La respuesta es favorable el d\u00eda 6 de Marzo del mismo a\u00f1o.<\/p>\n<p>El 1 de Septiembre de 1913 en el rendiconto de Hueypoxtla, se menciona la existencia de Jilotzingo con un total de 913 habitantes y con una capilla adecuada. Los Pbros. Crescencio Garc\u00eda Navarrete (p\u00e1rroco) y Jos\u00e9 Cruz H. (capell\u00e1n de Casa Blanca), son quienes atienden a las comunidades.<\/p>\n<p>El Pbro. Luis G. Vel\u00e1squez, prest\u00f3 servicio ministerial entre los a\u00f1os 1915 a 1921. Los archivos firmados por \u00e9l hacen constar su presencia en la comunidad (445 bautizos de hijos leg\u00edtimos y 72 de hijos naturales).<br \/>\nObras realizadas: la construcci\u00f3n de la barda posterior del templo.<\/p>\n<p>En 1920, se vive un aspecto triste: <strong>LA\u00a0SITUACI\u00d3N ENTREDICHO DEL PUEBLO DE JILOTZINGO<\/strong>, es una pena can\u00f3nica. Motivo: los documentos mencionan la excomuni\u00f3n del Pbro. Luis G. Vel\u00e1squez por faltas en el ministerio: aplicar de manera inv\u00e1lida los sacramentos del bautismo y matrimonio, en consecuencia el pueblo se toma violento para con los enviados de la Arquidi\u00f3cesis, no permiten que el Sr. Pbro. Luis G. deje el pueblo, no reconocer la dependencia con la parroquia de Hueypoxtla. Consta por los escritos que el pueblo permanece entre dicho por el espacio de 10 d\u00edas.<\/p>\n<p>Consecuencia de lo anterior, y posterior a esta fecha 1921, Jilotzigo\u00a0fue atendido por sacerdotes de las parroquias vecinas, a saber:\u00a0Pbro. Adelardo Vargas (1921-22) Jos\u00e9 G. Arias (1923), posibles misioneros.(asentado en\u00a0libros de matrimonios);\u00a0Pbro. Ram\u00f3n L\u00f3pez de san Andr\u00e9s Jaltenco;\u00a0Pbros. Miguel Uchavarr\u00eda, Alfredo L\u00f3pez Pastrana (1937), Mauricio Quintero, V\u00edctor Pav\u00eda de Zumpango y Hueypoxtla; \u00a0(Isidro Gonz\u00e1lez (1935) y Silvino Diaz (1936) de Zumpango (asentado en\u00a0libros de matrimonios);\u00a0El Pbro. Victor Pav\u00eda, tiene como misi\u00f3n especial el verificar si el pueblo de San Marcos puede formar parroquia.<\/p>\n<p>En los a\u00f1os 1940 a 1957, la atenci\u00f3n espiritual por el Pbro. de Zumpango Manuel Aguado; en este tiempo se realizaron diversas misiones por parte de la Congregaci\u00f3n de los Pasionistas, de los cuales sabemos de la presencia de los Pbros. Luis Lanchazo y Bernardo \u00d1ativia, quienes se trasladaban desde el Distrito Federal.<\/p>\n<p><strong>San Marcos Parroquia<\/strong><\/p>\n<p>Los se\u00f1ores Francisco Montiel Mendoza y Lorenzo Mart\u00ednez Gonz\u00e1lez, dato no comprobable y que son mencionados por el Pbro. Carlos, como los promotores de las solicitudes hacia la Sagrada Mitra del Arzobispado de M\u00e9xico en busca de que el templo de Jilotzingo fuera nombrado Parroquia.<\/p>\n<p>En el a\u00f1o de 1957, entre los meses de Abril y Julio, se llevan a cabo los comunicados correspondientes entre la Curia del Arzobispado de M\u00e9xico y las parroquias de Zumpango y Hueypoxtla. Gracias a esto se da el consentimiento definitivo. Quien firma es el Pbro. Manuel Aguado (Zumpango) y el Excmo. Rvmo. Sr. Arzobispo Primado de M\u00e9xico Dr. Miguel Dar\u00eda Miranda Y G\u00f3mez.<\/p>\n<p>El Can\u00f3nigo Sr. Jorge Duran Pi\u00f1eiro, se hace presente en la comunidad de Jilotzingo, y en nombre del Excmo. Sr. Arzobispo Don Miguel Darlo Miranda; erige como Parroquia el templo de San Marcos Jilotzingo, el <strong>10 de Agosto de 1957<\/strong>. Entrega el nombramiento al Pbro. Nazario Gavotto C.P. para ejercer como el Buen Pastor en medio de su grey amada.<\/p>\n<p>Se declara de manera titular a <strong>SAN MARCOS<\/strong>, como <strong>SANTO PATRONO<\/strong>. Los pueblos que la conforman: Jilotzingo y Cuevas (antes de Zumpango), San Jos\u00e9 Bath\u00e1, San Francisco Zacacalco (antes de Hueypoxtla).\u00a0Los l\u00edmites son:<\/p>\n<ul>\n<li>AL NORTE: La Loma de San Mart\u00edn hasta Cerro Blanco (entre Hueypoxtla y Jilotzingo).<\/li>\n<li>AL ESTE: Limite del Estado (entre los ejidos de Jilotzingo y Tizayuca).<\/li>\n<li>AL SUR: Barranca el Tecolote y barranca del Arroyo (entre Jilotzingo y Zumpango).<\/li>\n<li>AL PONIENTE: actual l\u00edmite entre la Parroquia de Santiago de Tequixquiac y las de<br \/>\nHueypoxtla y Zumpango.<\/li>\n<\/ul>\n<p>La nueva di\u00f3cesis de Texcoco, se form\u00f3 el 30 de Abril de 1960, y como consecuencia, por la cercan\u00eda, San Marcos pas\u00f3 a dicha Di\u00f3cesis. Posteriormente, con el documento: \\\\\\&#8221;Conferentia Episcopalis Mexicana\\\\\\&#8221;, con fecha 5 de Febrero 1979; la ubica en la Di\u00f3cesis de Cuautitl\u00e1n.<\/p>\n<p><b>Administraci\u00f3n<\/b><strong>\u00a0Parroquial del Templo<\/strong><\/p>\n<p>Pbro. Nazario Gavotto C.P.\u00a0(10 de Agosto 1957 a Diciembre 1961). Congregaci\u00f3n de los\u00a0Pasionistas. El Pbro. NAZARIO GAVOTTO, es el primer p\u00e1rroco; con el apoyo de la comunidad se realizan modificaciones, es especial, la construcci\u00f3n del coro y la c\u00fapula del templo. Apoyando esta labor espiritual, los misioneros Redentoristas, en la presencia especial del Pbro. Jos\u00e9 Mar\u00eda Cruz Rocha (1960), manifestaron su solidaridad sacerdotal.<\/p>\n<p>Pbro. J. Encarnacion Alba.\u00a0(Diciembre 1961 a Marzo 1975).\u00a0Segundo p\u00e1rroco, pertenece al clero diocesano. Hombre de oraci\u00f3n y fuerte uni\u00f3n con Dios, foment\u00f3 las buenas y sanas costumbres. Gracias a su entrega se actualizaron los libros y archivos parroquiales.\u00a0Fallece el 4 de Agosto de 1975.\u00a0Los misioneros Pasionistas, en el a\u00f1o 1970, como es el caso de los Pbros. Jes\u00fas Carracedo R. y Teodoro Mart\u00edn F., apoyan su labor pastoral.<\/p>\n<p>Pbro. Felipe Torres Navarro\u00a0(1975-1976).\u00a0Sacerdote que reci\u00e9n ordenado, es destinado a nuestra comunidad. Hombre con presencia din\u00e1mica. Gracias a ello inicia con la restauraci\u00f3n de la Casa Parroquial, apoya a la comunidad en la gesti\u00f3n sobre la Secundaria T\u00e9cnico-Agropecuaria No: 31.<\/p>\n<p>Pbro. Guillermo Rojas Zu\u00f1iga.\u00a0(Diciembre 1976 a Julio 1978).\u00a0Dio continuidad al trabajo pastoral. Inici\u00f3 una misi\u00f3n permanente durante un a\u00f1o con la Misionera de Santa Mar\u00eda Goretti. En su Administraci\u00f3n Parroquial se Inicia con el movimiento de los \\\\\\&#8221;cruzados\\\\\\&#8221;.<\/p>\n<p>Pbro Benito Convento C.P.\u00a0(1978).\u00a0El Excmo. Sr. Obispo Mag\u00edn Torreblanca Reyes, conf\u00eda nuevamente a la Congregaci\u00f3n de los Pasionistas la comunidad de San Marcos Jilotzingo. La Congregaci\u00f3n responde al llamado enviando al Pbro. Benito Convento (como Administrador Parroquial) y al Pbro. Pablo Rubio (vicario). La Casa Parroquial se adecua para la llegada de los Novicios. El noviciado consta de cinco j\u00f3venes (dos hondure\u00f1os, dos mexicanos y un salvadore\u00f1o) y el maestro de novicios. el trabajo pastoral se desarrolla concientizando a la comunidad, se lleva a cabo ciertos arreglos materiales del templo (presbiterio funcional y alumbrado m\u00e1s eficaz), remodelaci\u00f3n del atrio.<\/p>\n<p><strong>CAMBIO DE DIOCESIS<\/strong><\/p>\n<p>En Abril de 1979, se conforma una Di\u00f3cesis; para ello, la Di\u00f3cesis de Texcoco es desmembrada, y la Parroquia de San Marcos Evangelista pasa hacer parte de la DI\u00d3CESIS DE CUAUTITL\u00c1N.\u00a0Esta Di\u00f3cesis consagra su catedral el 25 de Abril de 1979. La comunidad de San Marcos se enorgullece en recibir la visita del Excmo. Sr. Obispo Manuel Samaniego Barriga (R.1. P.), el 30 de Abril del mismo a\u00f1o; es la primera comunidad que visita pastoralmente.<br \/>\nPbro. Carlos Velazquez C.P.\u00a0(1980-1986)\u00a0Pertenece a la Congregaci\u00f3n de los Pasionistas. Al encontrarse delicado de salud el Pbro. Benito, el Pbro. Carlos le suple en la Administraci\u00f3n Parroquial. Contin\u00faa con los trabajos de remodelaci\u00f3n del atrio y de la pintura de la fachada de la Iglesia. Preocupado por la educaci\u00f3n de la comunidad, \u00e9l y los Pasionistas apoyan la compra del terreno del K\u00ednder.\u00a0En su estancia en la Parroquia de San Marcos, se viven las BODAS DE PLATA (25 a\u00f1os de la erecci\u00f3n).<\/p>\n<p><strong>DESPUES DE LOS XXV A\u00d1OS<\/strong><\/p>\n<p>Los Presb\u00edteros posteriores a los XXV a\u00f1os de consagraci\u00f3n de la Parroquia de San Marcos Evangelista, son los siguientes:<br \/>\nPbro. Jose Don Juan V.\u00a0(1986-1988).\u00a0Bajo la Administraci\u00f3n Parroquial se lleva a cabo el crecimiento de grupos de fe y oraci\u00f3n, adem\u00e1s de una efectividad de apostolado, entre ellos encontramos la Asociaci\u00f3n de San Jos\u00e9.<\/p>\n<p>Pbro. Jose Guadalupe Orozco\u00a0(1988-2000)\u00a0Inicia el grupo de los ministros extraordinarios.\u00a0Potencia escuela de la cruz de mujeres, continua con la casa de retiro. Apoyando a la comunidad inicia la pavimentaci\u00f3n de la carretera de la Av. Miguel Hidalgo.<\/p>\n<p>Pbro. Jacinto Molina G.\u00a0(2000-2004).\u00a0Bajo su Administraci\u00f3n Parroquial, la parroquia da paso a las Misiones Pastorales de San Francisco Zacacalco y de Santa Maria Cuevas.\u00a0Se remodela tanto el presbiterio, el interno del templo parroquial, se realiz\u00f3 el cambio de las bancas.\u00a0El d\u00eda 28 de Diciembre fallece en la carretera que conduce de Zumpango a Cuevas.<\/p>\n<p>Pbro. Pedro Mendoza D.\u00a0(2005)\u00a0En este a\u00f1o 2005, en el mes de Noviembre toma posesi\u00f3n de su nuevo servicio nuestro Excmo. Sr. Obispo Guillermo Ortiz Mondrag\u00f3n.<\/p>\n<p><strong>VIDA ESPIRITUAL<\/strong><\/p>\n<p>En un an\u00e1lisis, descrito por el Pbro. Carlos Vel\u00e1squez, menciona: \\\\\\&#8221;Despu\u00e9s de 25 a\u00f1os de vida se ve que la presencia de la acci\u00f3n cat\u00f3lica personificada en las diversas asociaciones ha sido decisiva en la vitalidad parroquial; en la devoci\u00f3n a la Virgen de Guadalupe, a la Virgen del Carmen, el apostolado de la oraci\u00f3n, etc. Todas las asociaciones, sin embargo, deben ser revitalizadas de manera que su testimonio de oraci\u00f3n se convierta tambi\u00e9n en testimonio de\u00a0Oraci\u00f3n. (de un folleto del 25 aniversario).<\/p>\n<p>El Bautismo que hemos recibido nos hace colaboradores en la construcci\u00f3n del Reino de Dios, en el presente de nuestras vidas y actitudes. Gracias a la toma de conciencia de algunos hermanos podemos entender el apostolado que realizan en medio de los mismos hermanos.<\/p>\n<p>&nbsp;<\/p>\n<p><strong>Parroquia \u201cSan Marcos Evangelista\\\\\\&#8221;<\/strong><\/p>\n<hr \/>\n<p>&nbsp;<\/p>\n<p>RFC: DCA930802QL2<\/p>\n<p><strong>Tel.\u00a001 (599) 915 6022<\/strong><\/p>\n<p>Direcci\u00f3n: L\u00e1zaro C\u00e1rdenas y D\u00edaz Mir\u00f3n 1,\u00a0San Marcos Jilotzingo, Estado de M\u00e9xico, C.P. 55690.<\/p>\n<p>&nbsp;<\/p>\n<p>&nbsp;<\/p>\n","protected":false},"excerpt":{"rendered":"<p>Historia de la Parroquia San Marcos Evangelista patrono de Jilotzingo Atenci\u00f3n\u00a0espiritual antes de ser parroquia. Entre los a\u00f1os 1567-1569 el cura de Hueypoxtla (que en aquella \u00e9poca era cabecera de la jurisdicci\u00f3n de Tetepango) visita la comunidad de Jilotzingo, la cual recibe la asistencia sacramental en el idioma otom\u00ed. Aquella asistencia consist\u00eda en ense\u00f1anzas de [&hellip;]<\/p>\n","protected":false},"author":1,"featured_media":0,"parent":0,"menu_order":0,"comment_status":"open","ping_status":"closed","template":"","meta":{"_uag_custom_page_level_css":"","ngg_post_thumbnail":0,"footnotes":""},"class_list":["post-2788","page","type-page","status-publish","hentry"],"aioseo_notices":[],"uagb_featured_image_src":{"full":false,"thumbnail":false,"medium":false,"medium_large":false,"large":false,"1536x1536":false,"2048x2048":false},"uagb_author_info":{"display_name":"Jilotzingo.Net","author_link":"https:\/\/jilotzingo.net\/?author=1"},"uagb_comment_info":0,"uagb_excerpt":"Historia de la Parroquia San Marcos Evangelista patrono de Jilotzingo Atenci\u00f3n\u00a0espiritual antes de ser parroquia. Entre los a\u00f1os 1567-1569 el cura de Hueypoxtla (que en aquella \u00e9poca era cabecera de la jurisdicci\u00f3n de Tetepango) visita la comunidad de Jilotzingo, la cual recibe la asistencia sacramental en el idioma otom\u00ed. Aquella asistencia consist\u00eda en ense\u00f1anzas de&hellip;","jetpack_sharing_enabled":true,"jetpack_likes_enabled":true,"_links":{"self":[{"href":"https:\/\/jilotzingo.net\/index.php?rest_route=\/wp\/v2\/pages\/2788"}],"collection":[{"href":"https:\/\/jilotzingo.net\/index.php?rest_route=\/wp\/v2\/pages"}],"about":[{"href":"https:\/\/jilotzingo.net\/index.php?rest_route=\/wp\/v2\/types\/page"}],"author":[{"embeddable":true,"href":"https:\/\/jilotzingo.net\/index.php?rest_route=\/wp\/v2\/users\/1"}],"replies":[{"embeddable":true,"href":"https:\/\/jilotzingo.net\/index.php?rest_route=%2Fwp%2Fv2%2Fcomments&post=2788"}],"version-history":[{"count":0,"href":"https:\/\/jilotzingo.net\/index.php?rest_route=\/wp\/v2\/pages\/2788\/revisions"}],"wp:attachment":[{"href":"https:\/\/jilotzingo.net\/index.php?rest_route=%2Fwp%2Fv2%2Fmedia&parent=2788"}],"curies":[{"name":"wp","href":"https:\/\/api.w.org\/{rel}","templated":true}]}}