{"id":125,"date":"2015-06-29T12:12:55","date_gmt":"2015-06-29T17:12:55","guid":{"rendered":"https:\/\/jilotzingo.net\/san-pedro-apostol-2\/"},"modified":"2015-06-29T12:12:55","modified_gmt":"2015-06-29T17:12:55","slug":"san-pedro-apostol-2","status":"publish","type":"page","link":"https:\/\/jilotzingo.net\/?page_id=125","title":{"rendered":"San Pedro Ap\u00f3stol"},"content":{"rendered":"<p><strong><span style=\\\\\\\"color: #800000; font-family: Verdana; font-size: large;\\\\\\\">El Pr\u00edncipe de Los Ap\u00f3stoles<span lang=\\\\\\\"es\\\\\\\">, <\/span>Primer Papa.<\/span><\/strong><\/p>\n<p><span style=\\\\\\\"font-family: Verdana; font-size: small;\\\\\\\">San Pedro Ap\u00f3stol &#8212; Pedro es mencionado frecuentemente en el Nuevo Testamento &#8212; en los Evangelios, en los Hechos de los Ap\u00f3stoles, y en las Ep\u00edstolas de San Pablo. Su nombre\u00a0 aparece 182 veces. <\/span><\/p>\n<p><span style=\\\\\\\"font-family: Verdana; font-size: small;\\\\\\\">Lo \u00fanico que sabemos de su vida antes de su conversi\u00f3n es que naci\u00f3 en Betsaida, junto al lago de Tiber\u00edades y se traslad\u00f3 a Cafarnaum, donde junto con Juan y Santiago, los hijos del Zebedeo, se dedicaba a la pesca. Existe evidencia para suponer que Andr\u00e9s (el hermano de Pedro) y posiblemente Pedro fueron seguidores de Juan el Bautista, y por lo tanto se habr\u00edan preparado para recibir al Mes\u00edas en sus corazones.<\/span><\/p>\n<p><span style=\\\\\\\"font-family: Verdana; font-size: small;\\\\\\\">Imaginamos a Pedro como un hombre astuto y sencillo, de gran poder para el bien, pero a veces afligido un car\u00e1cter abrupto y tempestivo que habr\u00eda de ser transformado por Cristo a trav\u00e9s del sufrimiento.<\/span><\/p>\n","protected":false},"excerpt":{"rendered":"<p>El Pr\u00edncipe de Los Ap\u00f3stoles, Primer Papa. San Pedro Ap\u00f3stol &#8212; Pedro es mencionado frecuentemente en el Nuevo Testamento &#8212; en los Evangelios, en los Hechos de los Ap\u00f3stoles, y en las Ep\u00edstolas de San Pablo. Su nombre\u00a0 aparece 182 veces. Lo \u00fanico que sabemos de su vida antes de su conversi\u00f3n es que naci\u00f3 [&hellip;]<\/p>\n","protected":false},"author":1,"featured_media":126,"parent":2788,"menu_order":0,"comment_status":"open","ping_status":"closed","template":"","meta":{"_uag_custom_page_level_css":"","ngg_post_thumbnail":0,"footnotes":""},"class_list":["post-125","page","type-page","status-publish","has-post-thumbnail","hentry"],"aioseo_notices":[],"uagb_featured_image_src":{"full":false,"thumbnail":false,"medium":false,"medium_large":false,"large":false,"1536x1536":false,"2048x2048":false},"uagb_author_info":{"display_name":"Jilotzingo.Net","author_link":"https:\/\/jilotzingo.net\/?author=1"},"uagb_comment_info":0,"uagb_excerpt":"El Pr\u00edncipe de Los Ap\u00f3stoles, Primer Papa. San Pedro Ap\u00f3stol &#8212; Pedro es mencionado frecuentemente en el Nuevo Testamento &#8212; en los Evangelios, en los Hechos de los Ap\u00f3stoles, y en las Ep\u00edstolas de San Pablo. Su nombre\u00a0 aparece 182 veces. Lo \u00fanico que sabemos de su vida antes de su conversi\u00f3n es que naci\u00f3&hellip;","jetpack_sharing_enabled":true,"jetpack_likes_enabled":true,"_links":{"self":[{"href":"https:\/\/jilotzingo.net\/index.php?rest_route=\/wp\/v2\/pages\/125"}],"collection":[{"href":"https:\/\/jilotzingo.net\/index.php?rest_route=\/wp\/v2\/pages"}],"about":[{"href":"https:\/\/jilotzingo.net\/index.php?rest_route=\/wp\/v2\/types\/page"}],"author":[{"embeddable":true,"href":"https:\/\/jilotzingo.net\/index.php?rest_route=\/wp\/v2\/users\/1"}],"replies":[{"embeddable":true,"href":"https:\/\/jilotzingo.net\/index.php?rest_route=%2Fwp%2Fv2%2Fcomments&post=125"}],"version-history":[{"count":0,"href":"https:\/\/jilotzingo.net\/index.php?rest_route=\/wp\/v2\/pages\/125\/revisions"}],"up":[{"embeddable":true,"href":"https:\/\/jilotzingo.net\/index.php?rest_route=\/wp\/v2\/pages\/2788"}],"wp:featuredmedia":[{"embeddable":true,"href":"https:\/\/jilotzingo.net\/index.php?rest_route=\/"}],"wp:attachment":[{"href":"https:\/\/jilotzingo.net\/index.php?rest_route=%2Fwp%2Fv2%2Fmedia&parent=125"}],"curies":[{"name":"wp","href":"https:\/\/api.w.org\/{rel}","templated":true}]}}