{"id":1138,"date":"2016-04-07T21:24:17","date_gmt":"2016-04-08T02:24:17","guid":{"rendered":"https:\/\/jilotzingo.net\/parroquia-de-san-marcos-evangelista\/divino-salvador\/"},"modified":"2016-04-07T21:24:17","modified_gmt":"2016-04-08T02:24:17","slug":"divino-salvador","status":"publish","type":"page","link":"https:\/\/jilotzingo.net\/?page_id=1138","title":{"rendered":"Divino Salvador"},"content":{"rendered":"<p><a href=\\\\\\\"http:\/\/jilotzingo.net\/site\/wp-content\/uploads\/2016\/04\/11807363_836625436434781_5864028927845522114_o.jpg\\\\\\\" rel=\\\\\\\"attachment wp-att-1139\\\\\\\"><img class=\\\\\\\"aligncenter wp-image-1139 size-large\\\\\\\" src=\\\\\\\"http:\/\/jilotzingo.net\/site\/wp-content\/uploads\/2016\/04\/11807363_836625436434781_5864028927845522114_o-768x1024.jpg\\\\\\\" alt=\\\\\\\"11807363_836625436434781_5864028927845522114_o\\\\\\\" width=\\\\\\\"768\\\\\\\" height=\\\\\\\"1024\\\\\\\" \/><\/a><\/p>\n<p>Divino Salvador es el nombre con el que se le conoce a una imagen de Cristo crucificado y muerto, que es la imagen principal del altar mayor del templo del Pueblo, parroquia de San Marcos Evangelista. A continuaci\u00f3n presentamos una narraci\u00f3n de la leyenda acerca del origen de la imagen mencionada.<\/p>\n<blockquote><p><span style=\\\\\\\"color: #800000;\\\\\\\"><em>\u201cAl Divino Salvador, Cristo crucificado, fue hallado en un cerro llamado el \u201cHeguingo\u201d, porque all\u00e1 se apareci\u00f3 y como el cerro pertenec\u00eda al pueblo, lo reclamamos. Este cerro estaba junto a Tulancingo, hab\u00eda un \u00e1rbol en la mera punta del cerro, en el cual estaba la imagen del Divino Salvador, el cerro estaba lleno de \u00e1rboles de encino, y despu\u00e9s de haber bajado la imagen, los pobladores rentaron el cerro. Tiempo despu\u00e9s quisieron llevar al Divino Salvador a Tolcayuca, pero en el trayecto se sent\u00eda muy pesado, y despu\u00e9s de d\u00edas de haberlo dejado se aparec\u00eda en el mismo cerro, pues seg\u00fan los pobladores no quer\u00eda irse del pueblo. Adem\u00e1s quisieron llevarlo a Hueypoxtla, acompa\u00f1ado de rezos del sacerdote del pueblo y los pobladores, pero se sent\u00eda muy pesado, y en el rio que est\u00e1 por llegar a Hueypoxtla, no pudieron cruzarlo por el peso del Divino Salvador, y fue tanta la insistencia de los pobladores y del sacerdote, que se rompieron las piernas de la imagen, las cuales se renovaron solas.\u201d<\/em><\/span><\/p><\/blockquote>\n<p>Es una leyenda popular en la comunidad, preservada por tradici\u00f3n oral de generaci\u00f3n en generaci\u00f3n.<\/p>\n<p>&nbsp;<\/p>\n","protected":false},"excerpt":{"rendered":"<p>Divino Salvador es el nombre con el que se le conoce a una imagen de Cristo crucificado y muerto, que es la imagen principal del altar mayor del templo del Pueblo, parroquia de San Marcos Evangelista. A continuaci\u00f3n presentamos una narraci\u00f3n de la leyenda acerca del origen de la imagen mencionada. \u201cAl Divino Salvador, Cristo [&hellip;]<\/p>\n","protected":false},"author":1,"featured_media":0,"parent":2788,"menu_order":0,"comment_status":"closed","ping_status":"closed","template":"","meta":{"_uag_custom_page_level_css":"","ngg_post_thumbnail":0,"footnotes":""},"class_list":["post-1138","page","type-page","status-publish","hentry"],"aioseo_notices":[],"uagb_featured_image_src":{"full":false,"thumbnail":false,"medium":false,"medium_large":false,"large":false,"1536x1536":false,"2048x2048":false},"uagb_author_info":{"display_name":"Jilotzingo.Net","author_link":"https:\/\/jilotzingo.net\/?author=1"},"uagb_comment_info":0,"uagb_excerpt":"Divino Salvador es el nombre con el que se le conoce a una imagen de Cristo crucificado y muerto, que es la imagen principal del altar mayor del templo del Pueblo, parroquia de San Marcos Evangelista. A continuaci\u00f3n presentamos una narraci\u00f3n de la leyenda acerca del origen de la imagen mencionada. \u201cAl Divino Salvador, Cristo&hellip;","jetpack_sharing_enabled":true,"jetpack_likes_enabled":true,"_links":{"self":[{"href":"https:\/\/jilotzingo.net\/index.php?rest_route=\/wp\/v2\/pages\/1138"}],"collection":[{"href":"https:\/\/jilotzingo.net\/index.php?rest_route=\/wp\/v2\/pages"}],"about":[{"href":"https:\/\/jilotzingo.net\/index.php?rest_route=\/wp\/v2\/types\/page"}],"author":[{"embeddable":true,"href":"https:\/\/jilotzingo.net\/index.php?rest_route=\/wp\/v2\/users\/1"}],"replies":[{"embeddable":true,"href":"https:\/\/jilotzingo.net\/index.php?rest_route=%2Fwp%2Fv2%2Fcomments&post=1138"}],"version-history":[{"count":0,"href":"https:\/\/jilotzingo.net\/index.php?rest_route=\/wp\/v2\/pages\/1138\/revisions"}],"up":[{"embeddable":true,"href":"https:\/\/jilotzingo.net\/index.php?rest_route=\/wp\/v2\/pages\/2788"}],"wp:attachment":[{"href":"https:\/\/jilotzingo.net\/index.php?rest_route=%2Fwp%2Fv2%2Fmedia&parent=1138"}],"curies":[{"name":"wp","href":"https:\/\/api.w.org\/{rel}","templated":true}]}}